{"id":8734,"date":"2026-02-07T17:46:28","date_gmt":"2026-02-07T17:46:28","guid":{"rendered":"https:\/\/rideciel.fr\/?page_id=8734"},"modified":"2026-02-07T17:52:34","modified_gmt":"2026-02-07T17:52:34","slug":"merci","status":"publish","type":"page","link":"https:\/\/rideciel.fr\/fr\/merci\/","title":{"rendered":"Merci"},"content":{"rendered":"<div data-elementor-type=\"wp-page\" data-elementor-id=\"8734\" class=\"elementor elementor-8734\">\n\t\t\t\t<div class=\"elementor-element elementor-element-d285e57 e-grid e-con-boxed e-con e-parent\" data-id=\"d285e57\" data-element_type=\"container\" data-e-type=\"container\">\n\t\t\t\t\t<div class=\"e-con-inner\">\n\t\t\t\t<div class=\"elementor-element elementor-element-8dd811b elementor-widget elementor-widget-luxride-text-editor-v1\" data-id=\"8dd811b\" data-element_type=\"widget\" data-e-type=\"widget\" data-widget_type=\"luxride-text-editor-v1.default\">\n\t\t\t\t<div class=\"elementor-widget-container\">\n\t\t\t\t\t        <div class=\"position-relative position_p_relative\">\r\n                <h2 data-path-to-node=\"0\">Merci d&#039;avoir choisi un voyage plus \u00e9cologique !<\/h2><p data-path-to-node=\"1\"><b data-path-to-node=\"1\" data-index-in-node=\"0\">Cher passager,<\/b><\/p><p data-path-to-node=\"2\">Nous vous remercions sinc\u00e8rement d&#039;avoir choisi <b data-path-to-node=\"2\" data-index-in-node=\"51\">Rideciel \u00c9co-responsable<\/b> Nous vous remercions pour votre r\u00e9cente r\u00e9servation. C&#039;est un privil\u00e8ge d&#039;avoir \u00e9t\u00e9 choisis comme partenaire de transport et nous sommes ravis de vous avoir offert un voyage sans encombre et respectueux de l&#039;environnement jusqu&#039;\u00e0 votre destination.<\/p><p data-path-to-node=\"3\">Votre confiance envers Rideciel est pr\u00e9cieuse \u00e0 nos yeux. En choisissant notre flotte \u00e9coresponsable, vous ne vous contentez pas de vous d\u00e9placer\u00a0: vous contribuez \u00e0 un avenir plus propre et plus vert. Nous nous engageons \u00e0 vous offrir un confort et un professionnalisme irr\u00e9prochables, pour que votre voyage soit aussi respectueux de l\u2019environnement que de vous.<\/p><hr data-path-to-node=\"4\" \/><h3 data-path-to-node=\"5\">Pourquoi votre choix est important<\/h3><ul data-path-to-node=\"6\"><li><p data-path-to-node=\"6,0,0\"><b data-path-to-node=\"6,0,0\" data-index-in-node=\"0\">Empreinte carbone r\u00e9duite\u00a0:<\/b> Chaque kilom\u00e8tre parcouru avec nous contribue \u00e0 soutenir le transport durable.<\/p><\/li><li><p data-path-to-node=\"6,1,0\"><b data-path-to-node=\"6,1,0\" data-index-in-node=\"0\">Calme et confortable :<\/b> Notre flotte \u00e9cologique moderne offre un environnement paisible pour se d\u00e9tendre ou travailler.<\/p><\/li><li><p data-path-to-node=\"6,2,0\"><b data-path-to-node=\"6,2,0\" data-index-in-node=\"0\">Engagement envers l&#039;excellence :<\/b> Votre satisfaction demeure notre objectif principal.<\/p><\/li><\/ul><hr data-path-to-node=\"7\" \/><p data-path-to-node=\"8\">Nous sommes convaincus que notre \u00e9quipe a non seulement r\u00e9pondu \u00e0 vos attentes, mais les a m\u00eame d\u00e9pass\u00e9es. Vos commentaires sont pr\u00e9cieux et nous encouragent \u00e0 maintenir et \u00e0 am\u00e9liorer sans cesse la qualit\u00e9 de nos services.<\/p><p data-path-to-node=\"9\">N&#039;h\u00e9sitez pas \u00e0 nous contacter si vous avez d&#039;autres besoins ou si vous avez besoin de quoi que ce soit d&#039;autre. <b data-path-to-node=\"9\" data-index-in-node=\"100\">Rideciel \u00c9co-responsable<\/b> Nous mettons tout en \u0153uvre pour am\u00e9liorer votre exp\u00e9rience de voyage. Votre fid\u00e9lit\u00e9 nous est pr\u00e9cieuse et nous restons pleinement engag\u00e9s \u00e0 rendre vos futurs voyages aussi agr\u00e9ables et sans tracas que possible.<\/p><p data-path-to-node=\"10\">Encore une fois, merci de votre confiance. <b data-path-to-node=\"10\" data-index-in-node=\"36\">Rideciel \u00c9co-responsable<\/b> Nous sommes \u00e0 votre disposition pour tous vos besoins en transport. Nous esp\u00e9rons avoir le plaisir de vous servir \u00e0 nouveau tr\u00e8s prochainement.<\/p><p data-path-to-node=\"11\"><b data-path-to-node=\"11\" data-index-in-node=\"0\">Cordialement,<\/b><\/p><p data-path-to-node=\"12\"><b data-path-to-node=\"12\" data-index-in-node=\"0\">L&#039;\u00e9quipe \u00e9co-responsable de Rideciel<\/b><\/p>            <\/div>\r\n        \t\t\t\t<\/div>\n\t\t\t\t<\/div>\n\t\t<div class=\"elementor-element elementor-element-fa03f2a e-con-full e-flex e-con e-child\" data-id=\"fa03f2a\" data-element_type=\"container\" data-e-type=\"container\">\n\t\t\t\t<div class=\"elementor-element elementor-element-3a41ea9 elementor-widget elementor-widget-html\" data-id=\"3a41ea9\" data-element_type=\"widget\" data-e-type=\"widget\" data-widget_type=\"html.default\">\n\t\t\t\t<div class=\"elementor-widget-container\">\n\t\t\t\t\t<script src=\"https:\/\/app.farebookings.com\/iframe-resizer\/iframeResizer.min.js\"><\/script><iframe id='myIframe' src=\"https:\/\/app.farebookings.com\/step1ssl.php?k=c1313b06b5f23ad520dbbc435f1e25a6&s=f&d=pp&lng=gb\" width=\"100%\" height=\"800px\" frameborder=\"0\" scrolling=\"no\"><\/iframe><script>iFrameResize({ log: true }, '#myIframe')<\/script>\t\t\t\t<\/div>\n\t\t\t\t<\/div>\n\t\t\t\t<\/div>\n\t\t\t\t\t<\/div>\n\t\t\t\t<\/div>\n\t\t\t\t<\/div>","protected":false},"excerpt":{"rendered":"<p>Thank You for Choosing a Greener Journey! Dear Valued Passenger, We extend our sincerest appreciation for selecting Rideciel Eco Friendly for your recent reservation. It is a privilege to be your chosen transportation partner, and we are delighted to have provided you with a seamless, sustainable journey to your destination. Your trust in Rideciel holds [&hellip;]<\/p>","protected":false},"author":1,"featured_media":0,"parent":0,"menu_order":0,"comment_status":"closed","ping_status":"closed","template":"template-fullwidth.php","meta":{"footnotes":""},"class_list":["post-8734","page","type-page","status-publish","hentry"],"_links":{"self":[{"href":"https:\/\/rideciel.fr\/fr\/wp-json\/wp\/v2\/pages\/8734","targetHints":{"allow":["GET"]}}],"collection":[{"href":"https:\/\/rideciel.fr\/fr\/wp-json\/wp\/v2\/pages"}],"about":[{"href":"https:\/\/rideciel.fr\/fr\/wp-json\/wp\/v2\/types\/page"}],"author":[{"embeddable":true,"href":"https:\/\/rideciel.fr\/fr\/wp-json\/wp\/v2\/users\/1"}],"replies":[{"embeddable":true,"href":"https:\/\/rideciel.fr\/fr\/wp-json\/wp\/v2\/comments?post=8734"}],"version-history":[{"count":8,"href":"https:\/\/rideciel.fr\/fr\/wp-json\/wp\/v2\/pages\/8734\/revisions"}],"predecessor-version":[{"id":8744,"href":"https:\/\/rideciel.fr\/fr\/wp-json\/wp\/v2\/pages\/8734\/revisions\/8744"}],"wp:attachment":[{"href":"https:\/\/rideciel.fr\/fr\/wp-json\/wp\/v2\/media?parent=8734"}],"curies":[{"name":"wp","href":"https:\/\/api.w.org\/{rel}","templated":true}]}}