{"id":7806,"date":"2025-01-20T17:46:49","date_gmt":"2025-01-20T17:46:49","guid":{"rendered":"https:\/\/rideciel.fr\/?page_id=7806"},"modified":"2026-02-10T11:56:39","modified_gmt":"2026-02-10T11:56:39","slug":"transferts-aeroport-a-paris-ecologiques","status":"publish","type":"page","link":"https:\/\/rideciel.fr\/fr\/transferts-aeroport-a-paris-ecologiques\/","title":{"rendered":"Transferts a\u00e9roport \u00e0 Paris \u00e9cologiques"},"content":{"rendered":"<div data-elementor-type=\"wp-page\" data-elementor-id=\"7806\" class=\"elementor elementor-7806\">\n\t\t\t\t <div class=\"elementor-element elementor-element-58a8393 e-flex e-con-boxed e-con e-parent\" data-id=\"58a8393\" data-element_type=\"container\" data-e-type=\"container\" data-settings=\"{&quot;background_background&quot;:&quot;classic&quot;}\">\n\t\t\t\t\t<div class=\"e-con-inner\">\n\t\t<div class=\"elementor-element elementor-element-b4c2dd4 e-con-full e-flex e-con e-child\" data-id=\"b4c2dd4\" data-element_type=\"container\" data-e-type=\"container\">\n\t\t\t\t<div class=\"elementor-element elementor-element-1f9cc95 elementor-widget elementor-widget-luxride-text-editor-v1\" data-id=\"1f9cc95\" data-element_type=\"widget\" data-e-type=\"widget\" data-widget_type=\"luxride-text-editor-v1.default\">\n\t\t\t\t<div class=\"elementor-widget-container\">\n\t\t\t\t\t        <div class=\"position-relative position_p_relative\">\r\n                <p>Rideciel propose des transferts a\u00e9roport priv\u00e9s \u00e0 prix fixe depuis Versailles (et ses environs) vers les a\u00e9roports parisiens.<br \/>Nous utilisons un seul v\u00e9hicule hybride Toyota \u00e9cologique \u2013 confortable, silencieux et \u00e0 faibles \u00e9missions \u2013 id\u00e9al pour un voyage d\u00e9tendu et durable.<br \/>Notre voiture peut accueillir confortablement :<\/p><p>2 passagers<br \/>4 bagages (2 valises standard + 2 petits sacs\/bagages cabine)<\/p><p>Profitez d&#039;un service de chauffeur professionnel\u00a0: prise en charge \u00e0 domicile, suivi des vols, pas de frais cach\u00e9s, prix tout compris et engagement \u00e0 r\u00e9duire votre empreinte carbone.<br \/>Tarifs fixes a\u00e9roport au d\u00e9part de Versailles<br \/>(Tous les prix sont fixes et tout compris\u00a0: chauffeur, v\u00e9hicule, carburant, p\u00e9ages, temps d\u2019attente raisonnable, assistance bagages)<\/p><p>Versailles \u2192 A\u00e9roport d&#039;Orly (ORY) : 47 \u20ac<br \/>Distance approximative : 25 km | Dur\u00e9e estim\u00e9e : 30 \u00e0 45 minutes<br \/>Versailles \u2192 A\u00e9roport Charles de Gaulle (CDG) : 85 \u20ac<br \/>Distance approximative\u00a0: 45\u201350 km | Dur\u00e9e estim\u00e9e\u00a0: 45\u201370 minutes (selon la circulation)<br \/>Versailles \u2192 A\u00e9roport de Beauvais-Till\u00e9 (BVA) : 150 \u20ac<br \/>Distance approximative\u00a0: 80\u201390 km | Dur\u00e9e estim\u00e9e\u00a0: 1 h 15\u20131 h 45<\/p><p>Notre service est con\u00e7u pour accueillir jusqu&#039;\u00e0 2 passagers avec 4 bagages (2 valises et 2 petits sacs). Ceci garantit un confort et un espace optimaux dans notre Toyota hybride.<br \/>Vous \u00eates un groupe plus important, vous avez plus de bagages ou des si\u00e8ges enfant\u00a0? Veuillez nous contacter pour obtenir des solutions alternatives ou des recommandations (nous ne disposons pas de v\u00e9hicules plus grands).<br \/>Voyages aller-retour depuis l&#039;a\u00e9roport (a\u00e9roport \u2192 Versailles) : m\u00eames prix fixes.<br \/>Suivi de vol gratuit \u2013 nous ajustons l&#039;heure de prise en charge en cas de retard de votre vol.<br \/>Si\u00e8ges enfant disponibles sur demande (gratuits, sous r\u00e9serve de disponibilit\u00e9).<br \/>Annulation gratuite jusqu&#039;\u00e0 24 heures avant la prestation.<br \/>Paiement\u00a0: r\u00e9servation en ligne s\u00e9curis\u00e9e ou esp\u00e8ces\/carte aupr\u00e8s du chauffeur.<\/p>            <\/div>\r\n        \t\t\t\t<\/div>\n\t\t\t\t<\/div>\n\t\t\t\t<\/div>\n\t\t<div class=\"elementor-element elementor-element-89ff9cc e-con-full e-flex e-con e-child\" data-id=\"89ff9cc\" data-element_type=\"container\" data-e-type=\"container\">\n\t\t\t\t<div class=\"elementor-element elementor-element-6f9c22d elementor-widget elementor-widget-luxride-title-v1\" data-id=\"6f9c22d\" data-element_type=\"widget\" data-e-type=\"widget\" data-widget_type=\"luxride-title-v1.default\">\n\t\t\t\t<div class=\"elementor-widget-container\">\n\t\t\t\t\t \r\n<div class=\"title_all_box style_one dark_color\">\r\n                <h2 class=\"font-44 mb_15\">Transferts a\u00e9roport fixes depuis Versailles \u2013 Chauffeur priv\u00e9 \u00e9coresponsable<\/h2>\r\n        <\/div>\r\n\t\t\t\t<\/div>\n\t\t\t\t<\/div>\n\t\t\t\t<div class=\"elementor-element elementor-element-cdb8f4a elementor-widget elementor-widget-luxride-image-box-v1\" data-id=\"cdb8f4a\" data-element_type=\"widget\" data-e-type=\"widget\" data-widget_type=\"luxride-image-box-v1.default\">\n\t\t\t\t<div class=\"elementor-widget-container\">\n\t\t\t\t\t <div class=\"luximage_box style_one  video_position_ d_flex\"> \r\n            <div class=\"image one\">\r\n            <img decoding=\"async\" src=\"https:\/\/rideciel.fr\/wp-content\/uploads\/2026\/02\/slide2.webp\" class=\"img parallax1\" alt=\"image\"   \/>\r\n        <\/div>\r\n              \r\n<\/div>\r\n\t\t\t\t<\/div>\n\t\t\t\t<\/div>\n\t\t\t\t<div class=\"elementor-element elementor-element-b3e1816 elementor-widget elementor-widget-luxride-themebtns-v1\" data-id=\"b3e1816\" data-element_type=\"widget\" data-e-type=\"widget\" data-widget_type=\"luxride-themebtns-v1.default\">\n\t\t\t\t<div class=\"elementor-widget-container\">\n\t\t\t\t\t  \r\n<div class=\"theme_btn_all\">\r\n     \r\n        <a href=\"\/fr\/reservez-maintenant\/\" class=\"theme_btn\"  target=\"&quot;_blank&quot;\"  rel=\"&quot;nofollow&quot;\"> \r\n            R\u00e9servez votre transfert a\u00e9roport d\u00e8s maintenant \r\n                            <div class=\"icon_box\">\r\n                    \r\n                                            <div class=\"icons\">\r\n                            <span class=\"fa fa-plane\"><\/span>\r\n                        <\/div>\r\n                    \r\n                                    <\/div>\r\n             \r\n    <\/a> \r\n \r\n<\/div>\r\n\r\n\t\t\t\t<\/div>\n\t\t\t\t<\/div>\n\t\t\t\t<\/div>\n\t\t\t\t\t<\/div>\n\t\t\t\t<\/div>\n\t\t<div class=\"elementor-element elementor-element-7d6b7038 e-con-full elementor-hidden-tablet elementor-hidden-mobile e-flex e-con e-parent\" data-id=\"7d6b7038\" data-element_type=\"container\" data-e-type=\"container\" data-settings=\"{&quot;background_background&quot;:&quot;classic&quot;}\">\n\t\t<div class=\"elementor-element elementor-element-7c97b3f3 e-flex e-con-boxed e-con e-child\" data-id=\"7c97b3f3\" data-element_type=\"container\" data-e-type=\"container\">\n\t\t\t\t\t<div class=\"e-con-inner\">\n\t\t\t\t<div class=\"elementor-element elementor-element-51222165 elementor-invisible elementor-widget elementor-widget-luxride-title-v1\" data-id=\"51222165\" data-element_type=\"widget\" data-e-type=\"widget\" data-settings=\"{&quot;_animation&quot;:&quot;fadeInUp&quot;}\" data-widget_type=\"luxride-title-v1.default\">\n\t\t\t\t<div class=\"elementor-widget-container\">\n\t\t\t\t\t \r\n<div class=\"title_all_box style_one dark_color\">\r\n                <h2 class=\"font-44 mb_15\">Pourquoi choisir nos transferts a\u00e9roport ?<\/h2>\r\n        <\/div>\r\n\t\t\t\t<\/div>\n\t\t\t\t<\/div>\n\t\t\t\t\t<\/div>\n\t\t\t\t<\/div>\n\t\t<div class=\"elementor-element elementor-element-b389bb9 e-flex e-con-boxed e-con e-child\" data-id=\"b389bb9\" data-element_type=\"container\" data-e-type=\"container\" data-settings=\"{&quot;background_background&quot;:&quot;slideshow&quot;,&quot;background_slideshow_gallery&quot;:[],&quot;background_slideshow_loop&quot;:&quot;yes&quot;,&quot;background_slideshow_slide_duration&quot;:5000,&quot;background_slideshow_slide_transition&quot;:&quot;fade&quot;,&quot;background_slideshow_transition_duration&quot;:500}\">\n\t\t\t\t\t<div class=\"e-con-inner\">\n\t\t\t\t<div class=\"elementor-element elementor-element-20a38cd5 elementor-invisible elementor-widget elementor-widget-luxride-tab-with-content-v1\" data-id=\"20a38cd5\" data-element_type=\"widget\" data-e-type=\"widget\" data-settings=\"{&quot;_animation&quot;:&quot;fadeInUp&quot;}\" data-widget_type=\"luxride-tab-with-content-v1.default\">\n\t\t\t\t<div class=\"elementor-widget-container\">\n\t\t\t\t\t <section class=\"tabwithcontent style_two version_white row_seperate row\">\n    <div class=\"col-lg-5 col-md-12 clearfix\">\n        <ul class=\"slider-nav-thumbnails data_slick list-how\" data-slick='{\"infinite\": false, \"slidesToShow\": 3, \"slidesToScroll\": 1, \"asNavFor\": \".main-image-slider\", \"dots\": false, \"infinite\": false, \"arrows\": true, \"focusOnSelect\": true, \"vertical\": true, \"prevArrow\": \"<button type=\\\"button\\\" class=\\\"slick-prev\\\"><svg class=\\\"w-6 h-6 icon-16\\\" fill=\\\"none\\\" stroke=\\\"currentColor\\\" viewBox=\\\"0 0 24 24\\\" xmlns=\\\"http:\/\/www.w3.org\/2000\/svg\\\"><path stroke-linecap=\\\"round\\\" stroke-linejoin=\\\"round\\\" stroke-width=\\\"2\\\" d=\\\"M10 19l-7-7m0 0l7-7m-7 7h18\\\"><\/path><\/svg><\/button>\", \"nextArrow\": \"<button type=\\\"button\\\" class=\\\"slick-next\\\"><svg class=\\\"w-6 h-6 icon-16\\\" fill=\\\"none\\\" stroke=\\\"currentColor\\\" viewBox=\\\"0 0 24 24\\\" xmlns=\\\"http:\/\/www.w3.org\/2000\/svg\\\"><path stroke-linecap=\\\"round\\\" stroke-linejoin=\\\"round\\\" stroke-width=\\\"2\\\" d=\\\"M14 5l7 7m0 0l-7 7m7-7H3\\\"><\/path><\/svg><\/button>\" ,        \"responsive\": [        {            \"breakpoint\": 1024,            \"settings\": {                \"vertical\": false,                \"slidesToShow\": 2,                \"slidesToScroll\": 1            }        },        {            \"breakpoint\": 768,            \"settings\": {                \"vertical\": false,                \"slidesToShow\": 2,                \"slidesToScroll\": 1            }        },        {            \"breakpoint\": 480,            \"settings\": {                \"vertical\": false,                \"slidesToShow\": 1,                \"slidesToScroll\": 1            }        }    ]}'>\n                        <li class=\"nav-item\">\n                    <div class=\"s_tab_btn\">\n                                                     <span class=\"count\">1<\/span> <!-- Display count -->\n                                                    <div class=\"thumb_title\">\n\n                                                            <div class=\"font-20 mb_15 color-dark\"> Chauffeurs professionnels :<\/div>\n                                                                                        <p class=\"font-16 color-dark\"> Courtois, exp\u00e9riment\u00e9s et connaisseurs des meilleurs itin\u00e9raires, nos chauffeurs s&#039;assurent que vous atteignez votre destination en toute s\u00e9curit\u00e9 et \u00e0 l&#039;heure.<\/p>\n                                                      \n                        <\/div>\n                    <\/div>\n                <\/li>\n                        <li class=\"nav-item\">\n                    <div class=\"s_tab_btn\">\n                                                     <span class=\"count\">2<\/span> <!-- Display count -->\n                                                    <div class=\"thumb_title\">\n\n                                                            <div class=\"font-20 mb_15 color-dark\"> Voyager sans stress :<\/div>\n                                                                                        <p class=\"font-16 color-dark\"> \u00c9vitez les tracas des taxis et des transports en commun. Gr\u00e2ce \u00e0 notre service de r\u00e9servation, votre course est pr\u00eate quand vous l&#039;\u00eates.<\/p>\n                                                      \n                        <\/div>\n                    <\/div>\n                <\/li>\n                        <li class=\"nav-item\">\n                    <div class=\"s_tab_btn\">\n                                                     <span class=\"count\">3<\/span> <!-- Display count -->\n                                                    <div class=\"thumb_title\">\n\n                                                            <div class=\"font-20 mb_15 color-dark\"> Tarification transparente :<\/div>\n                                                                                        <p class=\"font-16 color-dark\"> Aucun frais cach\u00e9 ni mauvaise surprise. Profitez de tarifs comp\u00e9titifs pour un service haut de gamme.<\/p>\n                                                      \n                        <\/div>\n                    <\/div>\n                <\/li>\n                <\/ul>\n    <\/div> \n    <div class=\"col-lg-7 col-md-12\">\n        <div class=\"box-main-slider\">\n            <div class=\"main-image-slider data_slick\" data-slick='{\"slidesToShow\": 1, \"slidesToScroll\": 1, \"arrows\": false, \"infinite\": false, \"fade\": false, \"draggable\": false}'>\n                                    <div class=\"slidealong\">\n                        <div class=\"tab_content one align_right\">\n                            <div class=\"d_flex align-items-center\">\n                                                                    <div class=\"image-box position-relative\">\n                                        <img decoding=\"async\" src=\"https:\/\/rideciel.fr\/wp-content\/uploads\/2024\/04\/TOYOTA_HYBRID.png\" class=\"img-fluid trans pnone\" alt=\"ic\u00f4ne\"  style=\"width:70%\" \/>\n                                    \n                                                                                    <\/div>\n                                                                                            <\/div>\n                        <\/div>\n                    <\/div>\n                                    <div class=\"slidealong\">\n                        <div class=\"tab_content one align_default\">\n                            <div class=\"d_flex align-items-center\">\n                                                                    <div class=\"image-box position-relative\">\n                                        <img decoding=\"async\" src=\"https:\/\/rideciel.fr\/wp-content\/uploads\/2024\/04\/TOYOTA_HYBRID.png\" class=\"img-fluid trans pnone\" alt=\"ic\u00f4ne\"  style=\"width:70%\" \/>\n                                    \n                                                                                    <\/div>\n                                                                                            <\/div>\n                        <\/div>\n                    <\/div>\n                                    <div class=\"slidealong\">\n                        <div class=\"tab_content one align_default\">\n                            <div class=\"d_flex align-items-center\">\n                                                                    <div class=\"image-box position-relative\">\n                                        <img decoding=\"async\" src=\"https:\/\/rideciel.fr\/wp-content\/uploads\/2024\/04\/TOYOTA_HYBRID.png\" class=\"img-fluid trans pnone\" alt=\"ic\u00f4ne\"  style=\"width:70%\" \/>\n                                    \n                                                                                    <\/div>\n                                                                                            <\/div>\n                        <\/div>\n                    <\/div>\n                            <\/div>\n        <\/div>\n    <\/div>\n<\/section>\n\n\n\t\t\t\t<\/div>\n\t\t\t\t<\/div>\n\t\t\t\t\t<\/div>\n\t\t\t\t<\/div>\n\t\t\t\t<\/div>\n\t\t\t\t<\/div>","protected":false},"excerpt":{"rendered":"<p>Rideciel offers private, fixed-price airport transfers from Versailles (and surrounding areas) to Paris airports.We operate with a single eco-friendly Toyota hybrid vehicle \u2013 comfortable, quiet, and low-emission \u2013 perfect for a relaxed and sustainable journey.Our car comfortably accommodates: 2 passengers4 pieces of luggage (2 standard suitcases + 2 small\/cabin bags) Enjoy a professional chauffeur service: [&hellip;]<\/p>","protected":false},"author":1,"featured_media":0,"parent":0,"menu_order":0,"comment_status":"closed","ping_status":"open","template":"template-homepage.php","meta":{"footnotes":""},"class_list":["post-7806","page","type-page","status-publish","hentry"],"_links":{"self":[{"href":"https:\/\/rideciel.fr\/fr\/wp-json\/wp\/v2\/pages\/7806","targetHints":{"allow":["GET"]}}],"collection":[{"href":"https:\/\/rideciel.fr\/fr\/wp-json\/wp\/v2\/pages"}],"about":[{"href":"https:\/\/rideciel.fr\/fr\/wp-json\/wp\/v2\/types\/page"}],"author":[{"embeddable":true,"href":"https:\/\/rideciel.fr\/fr\/wp-json\/wp\/v2\/users\/1"}],"replies":[{"embeddable":true,"href":"https:\/\/rideciel.fr\/fr\/wp-json\/wp\/v2\/comments?post=7806"}],"version-history":[{"count":103,"href":"https:\/\/rideciel.fr\/fr\/wp-json\/wp\/v2\/pages\/7806\/revisions"}],"predecessor-version":[{"id":8894,"href":"https:\/\/rideciel.fr\/fr\/wp-json\/wp\/v2\/pages\/7806\/revisions\/8894"}],"wp:attachment":[{"href":"https:\/\/rideciel.fr\/fr\/wp-json\/wp\/v2\/media?parent=7806"}],"curies":[{"name":"wp","href":"https:\/\/api.w.org\/{rel}","templated":true}]}}