{"id":7650,"date":"2024-12-23T12:23:29","date_gmt":"2024-12-23T12:23:29","guid":{"rendered":"https:\/\/rideciel.fr\/?page_id=7650"},"modified":"2026-02-10T12:10:19","modified_gmt":"2026-02-10T12:10:19","slug":"conditions-generales","status":"publish","type":"page","link":"https:\/\/rideciel.fr\/fr\/conditions-generales\/","title":{"rendered":"Conditions g\u00e9n\u00e9rales"},"content":{"rendered":"<p>Les pr\u00e9sentes Conditions G\u00e9n\u00e9rales (\u201c\u00a0Contrat\u00a0\u201d) r\u00e9gissent votre utilisation du site internet rideciel.fr (\u201c\u00a0Site internet\u00a0\u201d). En acc\u00e9dant au Site internet ou en utilisant ce dernier, vous acceptez ces conditions.<br \/>\nEn utilisant le site Web, vous acceptez d&#039;\u00eatre li\u00e9 par le pr\u00e9sent Contrat. Si vous n&#039;acceptez pas le pr\u00e9sent Contrat, vous ne pouvez pas l&#039;utiliser.<br \/>\nacc\u00e9der au site Web ou l&#039;utiliser.<\/p>\n<h2>Services<\/h2>\n<p>Nous proposons un service de r\u00e9servation de taxis via notre site web. Vous pouvez utiliser ce service pour r\u00e9server un taxi pour vous-m\u00eame ou pour quelqu&#039;un d&#039;autre.<br \/>\nune autre personne.<\/p>\n<h2>Compte utilisateur<\/h2>\n<p>Pour utiliser nos services, vous devez cr\u00e9er un compte sur notre site web. Il vous incombe de maintenir ce compte.<br \/>\nLa confidentialit\u00e9 des informations de votre compte, notamment votre nom d&#039;utilisateur et votre mot de passe, est garantie. Vous acceptez de nous en informer.<br \/>\nimm\u00e9diatement en cas d&#039;utilisation non autoris\u00e9e de votre compte.<\/p>\n<h2>R\u00e9servation<\/h2>\n<p>Vous pouvez r\u00e9server un taxi via notre site Web en indiquant votre lieu de prise en charge et de destination, ainsi que l&#039;heure et la date. Vous devez<br \/>\nVeuillez fournir des informations exactes et compl\u00e8tes lors de votre r\u00e9servation. Nous pouvons annuler votre r\u00e9servation si nous constatons que\u2026<br \/>\nVos informations sont inexactes ou incompl\u00e8tes.<\/p>\n<h2>Paiement<\/h2>\n<p>Vous devez r\u00e9gler la course en taxi au moment de la r\u00e9servation. Nous acceptons les paiements par carte bancaire (cr\u00e9dit ou d\u00e9bit).<br \/>\nVous devez fournir des informations de paiement exactes et compl\u00e8tes lors de votre r\u00e9servation. Nous pouvons annuler votre r\u00e9servation si nous<br \/>\nNous ne sommes pas en mesure de traiter votre paiement.<\/p>\n<h2>Annulation et remboursements<\/h2>\n<p>Vous pouvez annuler votre r\u00e9servation jusqu&#039;\u00e0 24 heures avant l&#039;heure de prise en charge. Nous vous rembourserons int\u00e9gralement en cas d&#039;annulation.<br \/>\ndans ce d\u00e9lai. Si vous annulez moins de 24 heures avant l&#039;heure de prise en charge, des frais d&#039;annulation pourront vous \u00eatre factur\u00e9s.<br \/>\nDes frais peuvent s&#039;appliquer. Des frais d&#039;annulation peuvent \u00e9galement \u00eatre factur\u00e9s si vous ne vous pr\u00e9sentez pas \u00e0 votre r\u00e9servation.<\/p>\n<h2>Propri\u00e9t\u00e9 intellectuelle<\/h2>\n<p>Le site Web et l&#039;int\u00e9gralit\u00e9 de son contenu, de ses fonctionnalit\u00e9s et de ses caract\u00e9ristiques (y compris, mais sans s&#039;y limiter, toutes les informations,<br \/>\n(logiciels, textes, affichages, images, vid\u00e9os et fichiers audio, ainsi que leur conception, leur s\u00e9lection et leur agencement) sont<br \/>\nqui nous appartiennent, appartiennent \u00e0 nos conc\u00e9dants de licence ou \u00e0 d&#039;autres fournisseurs de ce mat\u00e9riel et sont prot\u00e9g\u00e9s par la l\u00e9gislation du Royaume-Uni et<br \/>\ndroits d&#039;auteur internationaux, marques de commerce, brevets, secrets commerciaux et autres droits de propri\u00e9t\u00e9 intellectuelle<br \/>\nlois.<\/p>\n<h2>Exclusion de garanties<\/h2>\n<p>Nous ne garantissons pas que le site Web ou nos services seront ininterrompus ou exempts d&#039;erreurs. Nous fournissons nos services<br \/>\n\u201c en l\u2019\u00e9tat \u201d et \u201c selon disponibilit\u00e9 \u201d, sans aucune garantie d\u2019aucune sorte.<\/p>\n<h2>Limitation de responsabilit\u00e9<\/h2>\n<p>Nous ne serons en aucun cas responsables des dommages indirects, accessoires, sp\u00e9ciaux, punitifs ou cons\u00e9cutifs survenant<br \/>\nd\u00e9coulant de ou en lien avec votre utilisation du site Web ou de nos services, y compris, mais sans s&#039;y limiter, les pertes de profits,<br \/>\nperte de donn\u00e9es ou interruption d&#039;activit\u00e9.<\/p>\n<h2>Indemnit\u00e9<\/h2>\n<p>Vous acceptez de nous indemniser et de nous d\u00e9gager de toute responsabilit\u00e9, ainsi que nos soci\u00e9t\u00e9s affili\u00e9es, nos dirigeants, nos agents et nos employ\u00e9s, contre toute r\u00e9clamation ou<br \/>\ntoute demande, y compris les honoraires d&#039;avocat raisonnables, formul\u00e9e par un tiers en raison de votre violation de contrat ou en d\u00e9coulant.<br \/>\nle pr\u00e9sent Contrat ou votre violation de toute loi ou des droits d&#039;un tiers.<\/p>\n<h2>Terminaison<\/h2>\n<p>Nous pouvons r\u00e9silier votre compte et votre acc\u00e8s au site Web \u00e0 tout moment, pour quelque raison que ce soit ou sans raison, sans<br \/>\nnotification ou responsabilit\u00e9 envers vous.<\/p>\n<h2>Loi applicable et juridiction comp\u00e9tente<\/h2>\n<p>Le pr\u00e9sent accord est r\u00e9gi par le droit du Royaume-Uni et interpr\u00e9t\u00e9 conform\u00e9ment \u00e0 celui-ci, sans restriction.<br \/>\ndonnant effet \u00e0 tout principe de conflit de lois. Toute action en justice, poursuite ou proc\u00e9dure d\u00e9coulant de ou<br \/>\nTout litige relatif au pr\u00e9sent Contrat ou au Site Web sera exclusivement port\u00e9 devant les tribunaux du Royaume-Uni.<\/p>\n<h2>Modifications apport\u00e9es au pr\u00e9sent accord<\/h2>\n<p>Nous pouvons modifier le pr\u00e9sent Accord \u00e0 tout moment, et la version r\u00e9vis\u00e9e entrera en vigueur d\u00e8s sa publication sur le site web.<br \/>\nSite web. Nous vous encourageons \u00e0 consulter r\u00e9guli\u00e8rement le pr\u00e9sent accord.<\/p>\n<h2>Contactez-nous<\/h2>\n<p>Si vous avez des questions ou des inqui\u00e9tudes concernant cet accord ou nos services, veuillez nous contacter \u00e0 l&#039;adresse suivante :<br \/>\nreservation@ridiciel.fr<\/p>\n<h2>Date d&#039;entr\u00e9e en vigueur<\/h2>\n<p>Cet accord a \u00e9t\u00e9 mis \u00e0 jour pour la derni\u00e8re fois le 20 ao\u00fbt 2023.<\/p>\n<p>&nbsp;<\/p>\n<p>&nbsp;<\/p>","protected":false},"excerpt":{"rendered":"<p>These Terms and Conditions (\u201cAgreement\u201d) govern your use of the rideciel.fr website (\u201cWebsite\u201d). By accessing or using the Website, you agree to be bound by this Agreement. If you do not agree to this Agreement, you may not access or use the Website. Services We provide taxi booking services through our Website. You may use [&hellip;]<\/p>","protected":false},"author":1,"featured_media":0,"parent":0,"menu_order":0,"comment_status":"closed","ping_status":"open","template":"elementor_header_footer","meta":{"footnotes":""},"class_list":["post-7650","page","type-page","status-publish","hentry"],"_links":{"self":[{"href":"https:\/\/rideciel.fr\/fr\/wp-json\/wp\/v2\/pages\/7650","targetHints":{"allow":["GET"]}}],"collection":[{"href":"https:\/\/rideciel.fr\/fr\/wp-json\/wp\/v2\/pages"}],"about":[{"href":"https:\/\/rideciel.fr\/fr\/wp-json\/wp\/v2\/types\/page"}],"author":[{"embeddable":true,"href":"https:\/\/rideciel.fr\/fr\/wp-json\/wp\/v2\/users\/1"}],"replies":[{"embeddable":true,"href":"https:\/\/rideciel.fr\/fr\/wp-json\/wp\/v2\/comments?post=7650"}],"version-history":[{"count":5,"href":"https:\/\/rideciel.fr\/fr\/wp-json\/wp\/v2\/pages\/7650\/revisions"}],"predecessor-version":[{"id":8897,"href":"https:\/\/rideciel.fr\/fr\/wp-json\/wp\/v2\/pages\/7650\/revisions\/8897"}],"wp:attachment":[{"href":"https:\/\/rideciel.fr\/fr\/wp-json\/wp\/v2\/media?parent=7650"}],"curies":[{"name":"wp","href":"https:\/\/api.w.org\/{rel}","templated":true}]}}