{"id":3,"date":"2024-12-14T11:17:33","date_gmt":"2024-12-14T11:17:33","guid":{"rendered":"https:\/\/rideciel.fr\/?page_id=3"},"modified":"2026-02-06T16:39:15","modified_gmt":"2026-02-06T16:39:15","slug":"politique-de-confidentialite","status":"publish","type":"page","link":"https:\/\/rideciel.fr\/fr\/politique-de-confidentialite\/","title":{"rendered":"politique de confidentialit\u00e9"},"content":{"rendered":"<div data-elementor-type=\"wp-page\" data-elementor-id=\"3\" class=\"elementor elementor-3\">\n\t\t\t\t<div class=\"elementor-element elementor-element-2cee554a e-flex e-con-boxed e-con e-parent\" data-id=\"2cee554a\" data-element_type=\"container\" data-e-type=\"container\">\n\t\t\t\t\t<div class=\"e-con-inner\">\n\t\t\t\t<div class=\"elementor-element elementor-element-2898ab25 elementor-widget elementor-widget-text-editor\" data-id=\"2898ab25\" data-element_type=\"widget\" data-e-type=\"widget\" data-widget_type=\"text-editor.default\">\n\t\t\t\t<div class=\"elementor-widget-container\">\n\t\t\t\t\t\t\t\t\t<div>rideciel.fr (\u201c nous \u201d, \u201c notre \u201d ou \u201c nos \u201d) respecte votre vie priv\u00e9e et s\u2019engage \u00e0 la prot\u00e9ger en se conformant \u00e0 la pr\u00e9sente politique de confidentialit\u00e9.<\/div><p>\u00a0<\/p><div>Cette politique de confidentialit\u00e9 d\u00e9crit les types d&#039;informations que nous pouvons collecter aupr\u00e8s de vous ou que vous pouvez nous fournir lorsque vous visitez notre site Web abuairporttransportation.com (le \u00ab Site Web \u00bb) et nos pratiques de collecte, d&#039;utilisation, de conservation, de protection et de divulgation de ces informations.<\/div><p>\u00a0<\/p><div><strong>Informations que nous collectons<\/strong><\/div><p>\u00a0<\/p><div>Nous pouvons collecter des informations que vous nous fournissez directement, telles que votre nom, votre adresse e-mail, votre num\u00e9ro de t\u00e9l\u00e9phone et vos informations de paiement lorsque vous effectuez une r\u00e9servation sur notre site Web. Nous pouvons \u00e9galement collecter automatiquement des informations lorsque vous naviguez sur le site Web, telles que les d\u00e9tails d&#039;utilisation, les adresses IP et les informations collect\u00e9es via les cookies et autres technologies de suivi.<\/div><p>\u00a0<\/p><div><strong>Comment nous utilisons vos informations<\/strong><\/div><div>Nous pouvons utiliser les informations que nous recueillons aupr\u00e8s de vous pour vous fournir nos services, traiter votre paiement, r\u00e9pondre \u00e0 vos demandes et communiquer avec vous au sujet de votre r\u00e9servation. Nous pouvons \u00e9galement utiliser les informations \u00e0 des fins commerciales internes, par exemple pour am\u00e9liorer notre site Web et nos services, pour analyser les tendances et pour pr\u00e9venir la fraude.<\/div><p>\u00a0<\/p><div><strong>Divulgation de vos informations<\/strong><\/div><div>Nous pouvons divulguer vos informations \u00e0 des tiers, tels que nos prestataires de services et soci\u00e9t\u00e9s affili\u00e9es, pour vous fournir nos services, traiter votre paiement et communiquer avec vous au sujet de votre r\u00e9servation. Nous pouvons \u00e9galement divulguer vos informations pour nous conformer aux lois et r\u00e9glementations applicables, pour r\u00e9pondre \u00e0 une assignation \u00e0 compara\u00eetre, \u00e0 un mandat de perquisition ou \u00e0 toute autre demande l\u00e9gale d&#039;informations que nous recevons, ou pour prot\u00e9ger nos droits ou ceux d&#039;autrui.<\/div><p>\u00a0<\/p><div><strong>S\u00e9curit\u00e9 de vos informations<\/strong><\/div><div>Nous avons mis en \u0153uvre des mesures raisonnables pour prot\u00e9ger vos informations contre tout acc\u00e8s, utilisation ou divulgation non autoris\u00e9s. Cependant, aucune transmission de donn\u00e9es sur Internet ou sur un syst\u00e8me de stockage ne peut \u00eatre garantie comme \u00e9tant s\u00e9curis\u00e9e \u00e0 100%.<\/div><p>\u00a0<\/p><div><strong>Vos choix<\/strong><\/div><div>Vous pouvez choisir de ne plus recevoir de communications marketing de notre part en suivant les instructions de d\u00e9sabonnement figurant dans chaque communication. Cependant, nous pouvons toujours vous envoyer des communications non commerciales li\u00e9es \u00e0 votre r\u00e9servation.<\/div><p>\u00a0<\/p><div><strong>Modifications de notre politique de confidentialit\u00e9<\/strong><\/div><div>Nous sommes susceptibles de mettre \u00e0 jour cette politique de confidentialit\u00e9 de temps \u00e0 autre, et la version r\u00e9vis\u00e9e entrera en vigueur d\u00e8s sa publication sur le site Web. Nous vous encourageons \u00e0 consulter r\u00e9guli\u00e8rement cette politique de confidentialit\u00e9.<\/div><p>\u00a0<\/p><div><strong>Contactez-nous<\/strong><\/div><div>Si vous avez des questions ou des inqui\u00e9tudes concernant cette politique de confidentialit\u00e9 ou nos pratiques, veuillez nous contacter \u00e0 l&#039;adresse reservation@rideciel.fr.<\/div><p>\u00a0<\/p><div><strong>Date d&#039;entr\u00e9e en vigueur<\/strong><\/div><div>Cette politique de confidentialit\u00e9 a \u00e9t\u00e9 mise \u00e0 jour pour la derni\u00e8re fois le 20 ao\u00fbt 2024<\/div>\t\t\t\t\t\t\t\t<\/div>\n\t\t\t\t<\/div>\n\t\t\t\t\t<\/div>\n\t\t\t\t<\/div>\n\t\t\t\t<\/div>","protected":false},"excerpt":{"rendered":"<p>rideciel.fr (\u201cwe,\u201d \u201cour,\u201d or \u201cus\u201d) respects your privacy and is committed to protecting it through our compliance with this Privacy Policy. \u00a0 This Privacy Policy describes the types of information we may collect from you or that you may provide to us when you visit our website abuairporttransportation.com (the \u201cWebsite\u201d) and our practices for collecting, [&hellip;]<\/p>","protected":false},"author":1,"featured_media":0,"parent":0,"menu_order":0,"comment_status":"closed","ping_status":"open","template":"elementor_header_footer","meta":{"footnotes":""},"class_list":["post-3","page","type-page","status-publish","hentry"],"_links":{"self":[{"href":"https:\/\/rideciel.fr\/fr\/wp-json\/wp\/v2\/pages\/3","targetHints":{"allow":["GET"]}}],"collection":[{"href":"https:\/\/rideciel.fr\/fr\/wp-json\/wp\/v2\/pages"}],"about":[{"href":"https:\/\/rideciel.fr\/fr\/wp-json\/wp\/v2\/types\/page"}],"author":[{"embeddable":true,"href":"https:\/\/rideciel.fr\/fr\/wp-json\/wp\/v2\/users\/1"}],"replies":[{"embeddable":true,"href":"https:\/\/rideciel.fr\/fr\/wp-json\/wp\/v2\/comments?post=3"}],"version-history":[{"count":5,"href":"https:\/\/rideciel.fr\/fr\/wp-json\/wp\/v2\/pages\/3\/revisions"}],"predecessor-version":[{"id":8692,"href":"https:\/\/rideciel.fr\/fr\/wp-json\/wp\/v2\/pages\/3\/revisions\/8692"}],"wp:attachment":[{"href":"https:\/\/rideciel.fr\/fr\/wp-json\/wp\/v2\/media?parent=3"}],"curies":[{"name":"wp","href":"https:\/\/api.w.org\/{rel}","templated":true}]}}